{"id":1752,"date":"2024-10-19T10:16:03","date_gmt":"2024-10-19T09:16:03","guid":{"rendered":"https:\/\/c.watch\/datenschutzerklarung\/"},"modified":"2025-10-24T20:08:53","modified_gmt":"2025-10-24T19:08:53","slug":"datenschutzerklarung","status":"publish","type":"page","link":"https:\/\/c.watch\/de\/datenschutzerklarung\/","title":{"rendered":"Datenschutzerkl\u00e4rung"},"content":{"rendered":"<p>WearTech legt gro\u00dfen Wert auf die&nbsp;Rechte des Einzelnen, insbesondere im Hinblick auf die&nbsp;automatisierte Datenverarbeitung, und strebt nach Transparenz gegen\u00fcber seinen Kunden. Aus diesem Grund hat das&nbsp;Unternehmen eine&nbsp;Richtlinie erstellt, die&nbsp;alle Arten der&nbsp;Datenverarbeitung, die&nbsp;mit der&nbsp;Verarbeitung verfolgten Zwecke und die&nbsp;Ma\u00dfnahmen umfasst, die&nbsp;Einzelpersonen zur Verf\u00fcgung stehen, damit sie ihre Rechte bestm\u00f6glich aus\u00fcben k\u00f6nnen.<\/p>\n<p>Durch die&nbsp;weitere Nutzung dieser Website erkl\u00e4ren Sie sich vorbehaltlos mit den&nbsp;folgenden Nutzungsbedingungen einverstanden. Die&nbsp;aktuelle Online-Version dieser Nutzungsbedingungen ist die&nbsp;einzige Version, die&nbsp;w\u00e4hrend der&nbsp;gesamten Dauer der&nbsp;Nutzung der&nbsp;Website und bis zum Erscheinen einer&nbsp;neuen Version gilt.<\/p>\n<h2>Artikel 1 \u2013 Rechtlicher Hinweis<\/h2>\n<p>1.1 Website (nachfolgend \u201edie&nbsp;Website\u201c):<br \/>\nc.Watch<\/p>\n<p>1.2 Herausgeber (nachfolgend \u201eder&nbsp;Herausgeber\u201c):<br \/>\nWearTech Sp. z o.o.<br \/>\nmit Sitz in: Zurawia 71, 15-540 Bialystok, Polen vertreten durch Lukasz Krupski in seiner Eigenschaft als Pr\u00e4sident<br \/>\neingetragen im KRS unter der&nbsp;Nummer 0000788441<br \/>\nTelefonnummer: +48 791 810 799<br \/>\nE-Mail-Adresse: info@c.watch<\/p>\n<p>1.3 Hosting (nachfolgend \u201eder&nbsp;Host\u201c):<br \/>\nc.Watch wird von Amazon Web Services gehostet, Sitz: 38 Avenue John F. Kennedy, Luxemburg L-1855.<\/p>\n<h2>Artikel 2 \u2013 Zugriff auf die&nbsp;Website<\/h2>\n<p>Der&nbsp;Zugriff auf und die&nbsp;Nutzung der&nbsp;Website sind ausschlie\u00dflich f\u00fcr den&nbsp;pers\u00f6nlichen Gebrauch bestimmt. Sie erkl\u00e4ren sich damit einverstanden, die&nbsp;Website und die&nbsp;darin enthaltenen Informationen oder Daten nicht f\u00fcr kommerzielle, politische oder werbliche Zwecke sowie f\u00fcr jegliche Form der&nbsp;kommerziellen Werbung, einschlie\u00dflich des Versendens unerw\u00fcnschter E-Mails, zu nutzen.<\/p>\n<h2>Artikel 3 \u2013 Inhalte der&nbsp;Website<\/h2>\n<p>Alle Markenzeichen, Fotos, Texte, Kommentare, Illustrationen, animierten oder unbewegten Bilder, Videosequenzen, T\u00f6ne sowie alle Computeranwendungen, die&nbsp;zum Betrieb dieser Website verwendet werden k\u00f6nnen, und ganz allgemein alle auf der&nbsp;Website wiedergegebenen oder verwendeten Elemente sind durch die&nbsp;geltenden Gesetze zum Schutz des geistigen Eigentums gesch\u00fctzt. Sie sind das&nbsp;vollst\u00e4ndige und alleinige Eigentum des Herausgebers oder seiner Partner. Jede Vervielf\u00e4ltigung, Darstellung, Verwendung oder Anpassung, in welcher Form auch immer, aller oder eines&nbsp;Teils dieser Elemente, einschlie\u00dflich Computeranwendungen, ohne die&nbsp;vorherige schriftliche Zustimmung des Herausgebers ist strengstens untersagt. Die&nbsp;Tatsache, dass der&nbsp;Herausgeber nach Kenntnisnahme dieser unbefugten Verwendungen keine rechtlichen Schritte einleitet, stellt keine Zustimmung zu diesen Verwendungen und keinen Verzicht auf Strafverfolgung dar.<\/p>\n<h2>Artikel 4 \u2013 Verwaltung der&nbsp;Website<\/h2>\n<p>Zur ordnungsgem\u00e4\u00dfen Verwaltung der&nbsp;Website kann der&nbsp;Herausgeber jederzeit:<\/p>\n<p>den&nbsp;Zugriff auf die&nbsp;Website ganz oder teilweise aussetzen, unterbrechen oder einschr\u00e4nken oder den&nbsp;Zugang zu bestimmten Bereichen der&nbsp;Website einer&nbsp;bestimmten Kategorie von<\/p>\n<ul>\n<li>Internetnutzern vorbehalten;<\/li>\n<li>alle Informationen l\u00f6schen, die&nbsp;den&nbsp;Betrieb der&nbsp;Website st\u00f6ren oder gegen nationale oder internationale Gesetze versto\u00dfen;<\/li>\n<li>die&nbsp;Website zur Durchf\u00fchrung von Aktualisierungen aussetzen.<\/li>\n<\/ul>\n<h2>Artikel 5 \u2013 Haftung<\/h2>\n<p>Der&nbsp;Herausgeber kann nicht haftbar gemacht werden, wenn es zu Ausf\u00e4llen, St\u00f6rungen, Schwierigkeiten oder Unterbrechungen des Betriebs kommt, die&nbsp;den&nbsp;Zugriff auf die&nbsp;Website oder eine&nbsp;ihrer Funktionen verhindern. Die&nbsp;Ger\u00e4te, die&nbsp;Sie f\u00fcr die&nbsp;Verbindung mit der&nbsp;Website verwenden, unterliegen Ihrer alleinigen Verantwortung. Sie m\u00fcssen alle geeigneten Ma\u00dfnahmen ergreifen, um Ihre Ger\u00e4te und Ihre eigenen Daten zu sch\u00fctzen, insbesondere vor Virenangriffen \u00fcber das&nbsp;Internet. Sie sind auch allein verantwortlich f\u00fcr die&nbsp;Websites und Daten, die&nbsp;Sie aufrufen.<\/p>\n<p>Der&nbsp;Herausgeber kann nicht haftbar gemacht werden, falls rechtliche Schritte gegen Sie eingeleitet werden:<\/p>\n<ul>\n<li>aufgrund der&nbsp;Nutzung der&nbsp;Website oder eines&nbsp;\u00fcber das&nbsp;Internet zug\u00e4nglichen Dienstes;<\/li>\n<li>aufgrund Ihrer Nichteinhaltung der&nbsp;Allgemeinen Gesch\u00e4ftsbedingungen.<\/li>\n<\/ul>\n<p>Der&nbsp;Herausgeber haftet nicht f\u00fcr Sch\u00e4den, die&nbsp;Ihnen, Dritten und\/oder Ihrer Ausr\u00fcstung durch Ihre Verbindung mit oder Nutzung der&nbsp;Website entstehen, und Sie verzichten auf jegliche Klage gegen ihn aufgrund dessen. Sollte der&nbsp;Herausgeber aufgrund Ihrer Nutzung der&nbsp;Website Gegenstand eines&nbsp;au\u00dfergerichtlichen oder gerichtlichen Verfahrens werden, kann er gegen Sie vorgehen, um Ersatz f\u00fcr alle Sch\u00e4den, Betr\u00e4ge, Verurteilungen und Kosten zu erhalten, die&nbsp;sich aus diesem Verfahren ergeben k\u00f6nnen.<\/p>\n<h2>Artikel 6 \u2013 Hypertext-Links<\/h2>\n<p>Die&nbsp;Einrichtung von Hypertext-Links zu der&nbsp;ganzen oder einem&nbsp;Teil der&nbsp;Website durch Nutzer wird vom Herausgeber genehmigt. Jeder Link muss auf einfache Aufforderung des Herausgebers entfernt werden. Alle Informationen, die&nbsp;\u00fcber einen&nbsp;Link zu anderen Websites zug\u00e4nglich sind, werden nicht vom Herausgeber ver\u00f6ffentlicht. Der&nbsp;Herausgeber hat keine Rechte an den&nbsp;Inhalten dieser Websites.<\/p>\n","protected":false},"excerpt":{"rendered":"<p>WearTech legt gro\u00dfen Wert auf die&nbsp;Rechte des Einzelnen, insbesondere im Hinblick auf die&nbsp;automatisierte Datenverarbeitung, und strebt nach Transparenz gegen\u00fcber seinen Kunden. Aus diesem Grund hat das&nbsp;Unternehmen eine&nbsp;Richtlinie erstellt, die&nbsp;alle Arten der&nbsp;Datenverarbeitung, die&nbsp;mit der&nbsp;Verarbeitung verfolgten Zwecke und die&nbsp;Ma\u00dfnahmen umfasst, die&nbsp;Einzelpersonen zur Verf\u00fcgung stehen, damit sie ihre Rechte bestm\u00f6glich aus\u00fcben k\u00f6nnen. Durch die&nbsp;weitere Nutzung dieser Website erkl\u00e4ren&#8230;<\/p>\n","protected":false},"author":1,"featured_media":0,"parent":0,"menu_order":0,"comment_status":"closed","ping_status":"closed","template":"","meta":{"_acf_changed":false,"footnotes":""},"class_list":["post-1752","page","type-page","status-publish","hentry"],"acf":[],"yoast_head":"<!-- This site is optimized with the Yoast SEO plugin v26.9 - https:\/\/yoast.com\/product\/yoast-seo-wordpress\/ -->\n<title>Datenschutzerkl\u00e4rung - cWatch<\/title>\n<meta name=\"robots\" content=\"index, follow, max-snippet:-1, max-image-preview:large, max-video-preview:-1\" \/>\n<link rel=\"canonical\" href=\"https:\/\/c.watch\/de\/datenschutzerklarung\/\" \/>\n<meta property=\"og:locale\" content=\"de_DE\" \/>\n<meta property=\"og:type\" content=\"article\" \/>\n<meta property=\"og:title\" content=\"Datenschutzerkl\u00e4rung - cWatch\" \/>\n<meta property=\"og:description\" content=\"WearTech legt gro\u00dfen Wert auf die&nbsp;Rechte des Einzelnen, insbesondere im Hinblick auf die&nbsp;automatisierte Datenverarbeitung, und strebt nach Transparenz gegen\u00fcber seinen Kunden. Aus diesem Grund hat das&nbsp;Unternehmen eine&nbsp;Richtlinie erstellt, die&nbsp;alle Arten der&nbsp;Datenverarbeitung, die&nbsp;mit der&nbsp;Verarbeitung verfolgten Zwecke und die&nbsp;Ma\u00dfnahmen umfasst, die&nbsp;Einzelpersonen zur Verf\u00fcgung stehen, damit sie ihre Rechte bestm\u00f6glich aus\u00fcben k\u00f6nnen. Durch die&nbsp;weitere Nutzung dieser Website erkl\u00e4ren...\" \/>\n<meta property=\"og:url\" content=\"https:\/\/c.watch\/de\/datenschutzerklarung\/\" \/>\n<meta property=\"og:site_name\" content=\"cWatch\" \/>\n<meta property=\"article:modified_time\" content=\"2025-10-24T19:08:53+00:00\" \/>\n<meta name=\"twitter:card\" content=\"summary_large_image\" \/>\n<meta name=\"twitter:label1\" content=\"Gesch\u00e4tzte Lesezeit\" \/>\n\t<meta name=\"twitter:data1\" content=\"3\u00a0Minuten\" \/>\n<script type=\"application\/ld+json\" class=\"yoast-schema-graph\">{\"@context\":\"https:\/\/schema.org\",\"@graph\":[{\"@type\":\"WebPage\",\"@id\":\"https:\/\/c.watch\/de\/datenschutzerklarung\/\",\"url\":\"https:\/\/c.watch\/de\/datenschutzerklarung\/\",\"name\":\"Datenschutzerkl\u00e4rung - cWatch\",\"isPartOf\":{\"@id\":\"https:\/\/c.watch\/de\/#website\"},\"datePublished\":\"2024-10-19T09:16:03+00:00\",\"dateModified\":\"2025-10-24T19:08:53+00:00\",\"breadcrumb\":{\"@id\":\"https:\/\/c.watch\/de\/datenschutzerklarung\/#breadcrumb\"},\"inLanguage\":\"de\",\"potentialAction\":[{\"@type\":\"ReadAction\",\"target\":[\"https:\/\/c.watch\/de\/datenschutzerklarung\/\"]}]},{\"@type\":\"BreadcrumbList\",\"@id\":\"https:\/\/c.watch\/de\/datenschutzerklarung\/#breadcrumb\",\"itemListElement\":[{\"@type\":\"ListItem\",\"position\":1,\"name\":\"Home\",\"item\":\"http:\/\/c.watch\/de\/\"},{\"@type\":\"ListItem\",\"position\":2,\"name\":\"Datenschutzerkl\u00e4rung\"}]},{\"@type\":\"WebSite\",\"@id\":\"https:\/\/c.watch\/de\/#website\",\"url\":\"https:\/\/c.watch\/de\/\",\"name\":\"cWatch\",\"description\":\"\",\"potentialAction\":[{\"@type\":\"SearchAction\",\"target\":{\"@type\":\"EntryPoint\",\"urlTemplate\":\"https:\/\/c.watch\/de\/?s={search_term_string}\"},\"query-input\":{\"@type\":\"PropertyValueSpecification\",\"valueRequired\":true,\"valueName\":\"search_term_string\"}}],\"inLanguage\":\"de\"}]}<\/script>\n<!-- \/ Yoast SEO plugin. -->","yoast_head_json":{"title":"Datenschutzerkl\u00e4rung - cWatch","robots":{"index":"index","follow":"follow","max-snippet":"max-snippet:-1","max-image-preview":"max-image-preview:large","max-video-preview":"max-video-preview:-1"},"canonical":"https:\/\/c.watch\/de\/datenschutzerklarung\/","og_locale":"de_DE","og_type":"article","og_title":"Datenschutzerkl\u00e4rung - cWatch","og_description":"WearTech legt gro\u00dfen Wert auf die&nbsp;Rechte des Einzelnen, insbesondere im Hinblick auf die&nbsp;automatisierte Datenverarbeitung, und strebt nach Transparenz gegen\u00fcber seinen Kunden. Aus diesem Grund hat das&nbsp;Unternehmen eine&nbsp;Richtlinie erstellt, die&nbsp;alle Arten der&nbsp;Datenverarbeitung, die&nbsp;mit der&nbsp;Verarbeitung verfolgten Zwecke und die&nbsp;Ma\u00dfnahmen umfasst, die&nbsp;Einzelpersonen zur Verf\u00fcgung stehen, damit sie ihre Rechte bestm\u00f6glich aus\u00fcben k\u00f6nnen. Durch die&nbsp;weitere Nutzung dieser Website erkl\u00e4ren...","og_url":"https:\/\/c.watch\/de\/datenschutzerklarung\/","og_site_name":"cWatch","article_modified_time":"2025-10-24T19:08:53+00:00","twitter_card":"summary_large_image","twitter_misc":{"Gesch\u00e4tzte Lesezeit":"3\u00a0Minuten"},"schema":{"@context":"https:\/\/schema.org","@graph":[{"@type":"WebPage","@id":"https:\/\/c.watch\/de\/datenschutzerklarung\/","url":"https:\/\/c.watch\/de\/datenschutzerklarung\/","name":"Datenschutzerkl\u00e4rung - cWatch","isPartOf":{"@id":"https:\/\/c.watch\/de\/#website"},"datePublished":"2024-10-19T09:16:03+00:00","dateModified":"2025-10-24T19:08:53+00:00","breadcrumb":{"@id":"https:\/\/c.watch\/de\/datenschutzerklarung\/#breadcrumb"},"inLanguage":"de","potentialAction":[{"@type":"ReadAction","target":["https:\/\/c.watch\/de\/datenschutzerklarung\/"]}]},{"@type":"BreadcrumbList","@id":"https:\/\/c.watch\/de\/datenschutzerklarung\/#breadcrumb","itemListElement":[{"@type":"ListItem","position":1,"name":"Home","item":"http:\/\/c.watch\/de\/"},{"@type":"ListItem","position":2,"name":"Datenschutzerkl\u00e4rung"}]},{"@type":"WebSite","@id":"https:\/\/c.watch\/de\/#website","url":"https:\/\/c.watch\/de\/","name":"cWatch","description":"","potentialAction":[{"@type":"SearchAction","target":{"@type":"EntryPoint","urlTemplate":"https:\/\/c.watch\/de\/?s={search_term_string}"},"query-input":{"@type":"PropertyValueSpecification","valueRequired":true,"valueName":"search_term_string"}}],"inLanguage":"de"}]}},"_links":{"self":[{"href":"https:\/\/c.watch\/de\/wp-json\/wp\/v2\/pages\/1752","targetHints":{"allow":["GET"]}}],"collection":[{"href":"https:\/\/c.watch\/de\/wp-json\/wp\/v2\/pages"}],"about":[{"href":"https:\/\/c.watch\/de\/wp-json\/wp\/v2\/types\/page"}],"author":[{"embeddable":true,"href":"https:\/\/c.watch\/de\/wp-json\/wp\/v2\/users\/1"}],"replies":[{"embeddable":true,"href":"https:\/\/c.watch\/de\/wp-json\/wp\/v2\/comments?post=1752"}],"version-history":[{"count":0,"href":"https:\/\/c.watch\/de\/wp-json\/wp\/v2\/pages\/1752\/revisions"}],"wp:attachment":[{"href":"https:\/\/c.watch\/de\/wp-json\/wp\/v2\/media?parent=1752"}],"curies":[{"name":"wp","href":"https:\/\/api.w.org\/{rel}","templated":true}]}}