{"id":1820,"date":"2024-11-01T16:21:32","date_gmt":"2024-11-01T15:21:32","guid":{"rendered":"https:\/\/c.watch\/cwatch-kennenlernen\/"},"modified":"2025-11-13T14:05:05","modified_gmt":"2025-11-13T13:05:05","slug":"cwatch-kennenlernen","status":"publish","type":"page","link":"https:\/\/c.watch\/de\/cwatch-kennenlernen\/","title":{"rendered":"cWatch kennenlernen"},"content":{"rendered":"<h1>cWatch kennenlernen<\/h1>\n<p>cWatch ist ein&nbsp;Ger\u00e4t, mit dem&nbsp;Ihre Mitarbeiter effektiv kommunizieren und zusammenarbeiten k\u00f6nnen. In Verbindung mit cPanel, Ladeger\u00e4ten und dem&nbsp;Dashboard kann es die&nbsp;Arbeit im Laden in verschiedenen Bereichen verbessern, beispielsweise im Kundenservice oder bei der&nbsp;Sicherheit Ihrer Mitarbeiter.<\/p>\n","protected":false},"excerpt":{"rendered":"<p>cWatch kennenlernen cWatch ist ein&nbsp;Ger\u00e4t, mit dem&nbsp;Ihre Mitarbeiter effektiv kommunizieren und zusammenarbeiten k\u00f6nnen. In Verbindung mit cPanel, Ladeger\u00e4ten und dem&nbsp;Dashboard kann es die&nbsp;Arbeit im Laden in verschiedenen Bereichen verbessern, beispielsweise im Kundenservice oder bei der&nbsp;Sicherheit Ihrer Mitarbeiter.<\/p>\n","protected":false},"author":1,"featured_media":0,"parent":0,"menu_order":0,"comment_status":"closed","ping_status":"closed","template":"tpl-about.php","meta":{"_acf_changed":false,"footnotes":""},"class_list":["post-1820","page","type-page","status-publish","hentry"],"acf":[],"yoast_head":"<!-- This site is optimized with the Yoast SEO plugin v26.9 - https:\/\/yoast.com\/product\/yoast-seo-wordpress\/ -->\n<title>cWatch kennenlernen - cWatch<\/title>\n<meta name=\"robots\" content=\"index, follow, max-snippet:-1, max-image-preview:large, max-video-preview:-1\" \/>\n<link rel=\"canonical\" href=\"https:\/\/c.watch\/de\/cwatch-kennenlernen\/\" \/>\n<meta property=\"og:locale\" content=\"de_DE\" \/>\n<meta property=\"og:type\" content=\"article\" \/>\n<meta property=\"og:title\" content=\"cWatch kennenlernen - cWatch\" \/>\n<meta property=\"og:description\" content=\"cWatch kennenlernen cWatch ist ein&nbsp;Ger\u00e4t, mit dem&nbsp;Ihre Mitarbeiter effektiv kommunizieren und zusammenarbeiten k\u00f6nnen. In Verbindung mit cPanel, Ladeger\u00e4ten und dem&nbsp;Dashboard kann es die&nbsp;Arbeit im Laden in verschiedenen Bereichen verbessern, beispielsweise im Kundenservice oder bei der&nbsp;Sicherheit Ihrer Mitarbeiter.\" \/>\n<meta property=\"og:url\" content=\"https:\/\/c.watch\/de\/cwatch-kennenlernen\/\" \/>\n<meta property=\"og:site_name\" content=\"cWatch\" \/>\n<meta property=\"article:modified_time\" content=\"2025-11-13T13:05:05+00:00\" \/>\n<meta name=\"twitter:card\" content=\"summary_large_image\" \/>\n<meta name=\"twitter:label1\" content=\"Gesch\u00e4tzte Lesezeit\" \/>\n\t<meta name=\"twitter:data1\" content=\"1\u00a0Minute\" \/>\n<script type=\"application\/ld+json\" class=\"yoast-schema-graph\">{\"@context\":\"https:\/\/schema.org\",\"@graph\":[{\"@type\":\"WebPage\",\"@id\":\"https:\/\/c.watch\/de\/cwatch-kennenlernen\/\",\"url\":\"https:\/\/c.watch\/de\/cwatch-kennenlernen\/\",\"name\":\"cWatch kennenlernen - cWatch\",\"isPartOf\":{\"@id\":\"https:\/\/c.watch\/de\/#website\"},\"datePublished\":\"2024-11-01T15:21:32+00:00\",\"dateModified\":\"2025-11-13T13:05:05+00:00\",\"breadcrumb\":{\"@id\":\"https:\/\/c.watch\/de\/cwatch-kennenlernen\/#breadcrumb\"},\"inLanguage\":\"de\",\"potentialAction\":[{\"@type\":\"ReadAction\",\"target\":[\"https:\/\/c.watch\/de\/cwatch-kennenlernen\/\"]}]},{\"@type\":\"BreadcrumbList\",\"@id\":\"https:\/\/c.watch\/de\/cwatch-kennenlernen\/#breadcrumb\",\"itemListElement\":[{\"@type\":\"ListItem\",\"position\":1,\"name\":\"Home\",\"item\":\"http:\/\/c.watch\/de\/\"},{\"@type\":\"ListItem\",\"position\":2,\"name\":\"cWatch kennenlernen\"}]},{\"@type\":\"WebSite\",\"@id\":\"https:\/\/c.watch\/de\/#website\",\"url\":\"https:\/\/c.watch\/de\/\",\"name\":\"cWatch\",\"description\":\"\",\"potentialAction\":[{\"@type\":\"SearchAction\",\"target\":{\"@type\":\"EntryPoint\",\"urlTemplate\":\"https:\/\/c.watch\/de\/?s={search_term_string}\"},\"query-input\":{\"@type\":\"PropertyValueSpecification\",\"valueRequired\":true,\"valueName\":\"search_term_string\"}}],\"inLanguage\":\"de\"}]}<\/script>\n<!-- \/ Yoast SEO plugin. -->","yoast_head_json":{"title":"cWatch kennenlernen - cWatch","robots":{"index":"index","follow":"follow","max-snippet":"max-snippet:-1","max-image-preview":"max-image-preview:large","max-video-preview":"max-video-preview:-1"},"canonical":"https:\/\/c.watch\/de\/cwatch-kennenlernen\/","og_locale":"de_DE","og_type":"article","og_title":"cWatch kennenlernen - cWatch","og_description":"cWatch kennenlernen cWatch ist ein&nbsp;Ger\u00e4t, mit dem&nbsp;Ihre Mitarbeiter effektiv kommunizieren und zusammenarbeiten k\u00f6nnen. In Verbindung mit cPanel, Ladeger\u00e4ten und dem&nbsp;Dashboard kann es die&nbsp;Arbeit im Laden in verschiedenen Bereichen verbessern, beispielsweise im Kundenservice oder bei der&nbsp;Sicherheit Ihrer Mitarbeiter.","og_url":"https:\/\/c.watch\/de\/cwatch-kennenlernen\/","og_site_name":"cWatch","article_modified_time":"2025-11-13T13:05:05+00:00","twitter_card":"summary_large_image","twitter_misc":{"Gesch\u00e4tzte Lesezeit":"1\u00a0Minute"},"schema":{"@context":"https:\/\/schema.org","@graph":[{"@type":"WebPage","@id":"https:\/\/c.watch\/de\/cwatch-kennenlernen\/","url":"https:\/\/c.watch\/de\/cwatch-kennenlernen\/","name":"cWatch kennenlernen - cWatch","isPartOf":{"@id":"https:\/\/c.watch\/de\/#website"},"datePublished":"2024-11-01T15:21:32+00:00","dateModified":"2025-11-13T13:05:05+00:00","breadcrumb":{"@id":"https:\/\/c.watch\/de\/cwatch-kennenlernen\/#breadcrumb"},"inLanguage":"de","potentialAction":[{"@type":"ReadAction","target":["https:\/\/c.watch\/de\/cwatch-kennenlernen\/"]}]},{"@type":"BreadcrumbList","@id":"https:\/\/c.watch\/de\/cwatch-kennenlernen\/#breadcrumb","itemListElement":[{"@type":"ListItem","position":1,"name":"Home","item":"http:\/\/c.watch\/de\/"},{"@type":"ListItem","position":2,"name":"cWatch kennenlernen"}]},{"@type":"WebSite","@id":"https:\/\/c.watch\/de\/#website","url":"https:\/\/c.watch\/de\/","name":"cWatch","description":"","potentialAction":[{"@type":"SearchAction","target":{"@type":"EntryPoint","urlTemplate":"https:\/\/c.watch\/de\/?s={search_term_string}"},"query-input":{"@type":"PropertyValueSpecification","valueRequired":true,"valueName":"search_term_string"}}],"inLanguage":"de"}]}},"_links":{"self":[{"href":"https:\/\/c.watch\/de\/wp-json\/wp\/v2\/pages\/1820","targetHints":{"allow":["GET"]}}],"collection":[{"href":"https:\/\/c.watch\/de\/wp-json\/wp\/v2\/pages"}],"about":[{"href":"https:\/\/c.watch\/de\/wp-json\/wp\/v2\/types\/page"}],"author":[{"embeddable":true,"href":"https:\/\/c.watch\/de\/wp-json\/wp\/v2\/users\/1"}],"replies":[{"embeddable":true,"href":"https:\/\/c.watch\/de\/wp-json\/wp\/v2\/comments?post=1820"}],"version-history":[{"count":0,"href":"https:\/\/c.watch\/de\/wp-json\/wp\/v2\/pages\/1820\/revisions"}],"wp:attachment":[{"href":"https:\/\/c.watch\/de\/wp-json\/wp\/v2\/media?parent=1820"}],"curies":[{"name":"wp","href":"https:\/\/api.w.org\/{rel}","templated":true}]}}