{"id":2687,"date":"2026-01-26T16:43:37","date_gmt":"2026-01-26T15:43:37","guid":{"rendered":"https:\/\/c.watch\/benefits-food\/"},"modified":"2026-02-06T00:02:10","modified_gmt":"2026-02-05T23:02:10","slug":"benefits-food","status":"publish","type":"page","link":"https:\/\/c.watch\/de\/benefits-food\/","title":{"rendered":"Benefits &#8211; Food"},"content":{"rendered":"<h1>Lassen Sie Ihre In-Store-Prozesse wie ein&nbsp;Uhrwerk laufen<\/h1>\n<p>Statten Sie Ihre Teams mit tragbaren L\u00f6sungen aus, die&nbsp;t\u00e4gliche Prozesse vereinfachen, unn\u00f6tigen Aufwand reduzieren und eine&nbsp;reibungslose Umsetzung vom Lager bis zur Kasse sicherstellen.<\/p>\n","protected":false},"excerpt":{"rendered":"<p>Lassen Sie Ihre In-Store-Prozesse wie ein&nbsp;Uhrwerk laufen Statten Sie Ihre Teams mit tragbaren L\u00f6sungen aus, die&nbsp;t\u00e4gliche Prozesse vereinfachen, unn\u00f6tigen Aufwand reduzieren und eine&nbsp;reibungslose Umsetzung vom Lager bis zur Kasse sicherstellen.<\/p>\n","protected":false},"author":1,"featured_media":0,"parent":0,"menu_order":0,"comment_status":"closed","ping_status":"closed","template":"tpl-lp-benefits.php","meta":{"_acf_changed":false,"footnotes":""},"class_list":["post-2687","page","type-page","status-publish","hentry"],"acf":[],"yoast_head":"<!-- This site is optimized with the Yoast SEO plugin v26.9 - https:\/\/yoast.com\/product\/yoast-seo-wordpress\/ -->\n<title>Benefits - Food - cWatch<\/title>\n<meta name=\"robots\" content=\"index, follow, max-snippet:-1, max-image-preview:large, max-video-preview:-1\" \/>\n<link rel=\"canonical\" href=\"https:\/\/c.watch\/de\/benefits-food\/\" \/>\n<meta property=\"og:locale\" content=\"de_DE\" \/>\n<meta property=\"og:type\" content=\"article\" \/>\n<meta property=\"og:title\" content=\"Benefits - Food - cWatch\" \/>\n<meta property=\"og:description\" content=\"Lassen Sie Ihre In-Store-Prozesse wie ein&nbsp;Uhrwerk laufen Statten Sie Ihre Teams mit tragbaren L\u00f6sungen aus, die&nbsp;t\u00e4gliche Prozesse vereinfachen, unn\u00f6tigen Aufwand reduzieren und eine&nbsp;reibungslose Umsetzung vom Lager bis zur Kasse sicherstellen.\" \/>\n<meta property=\"og:url\" content=\"https:\/\/c.watch\/de\/benefits-food\/\" \/>\n<meta property=\"og:site_name\" content=\"cWatch\" \/>\n<meta property=\"article:modified_time\" content=\"2026-02-05T23:02:10+00:00\" \/>\n<meta name=\"twitter:card\" content=\"summary_large_image\" \/>\n<meta name=\"twitter:label1\" content=\"Gesch\u00e4tzte Lesezeit\" \/>\n\t<meta name=\"twitter:data1\" content=\"1\u00a0Minute\" \/>\n<script type=\"application\/ld+json\" class=\"yoast-schema-graph\">{\"@context\":\"https:\/\/schema.org\",\"@graph\":[{\"@type\":\"WebPage\",\"@id\":\"https:\/\/c.watch\/de\/benefits-food\/\",\"url\":\"https:\/\/c.watch\/de\/benefits-food\/\",\"name\":\"Benefits - Food - cWatch\",\"isPartOf\":{\"@id\":\"https:\/\/c.watch\/de\/#website\"},\"datePublished\":\"2026-01-26T15:43:37+00:00\",\"dateModified\":\"2026-02-05T23:02:10+00:00\",\"breadcrumb\":{\"@id\":\"https:\/\/c.watch\/de\/benefits-food\/#breadcrumb\"},\"inLanguage\":\"de\",\"potentialAction\":[{\"@type\":\"ReadAction\",\"target\":[\"https:\/\/c.watch\/de\/benefits-food\/\"]}]},{\"@type\":\"BreadcrumbList\",\"@id\":\"https:\/\/c.watch\/de\/benefits-food\/#breadcrumb\",\"itemListElement\":[{\"@type\":\"ListItem\",\"position\":1,\"name\":\"Home\",\"item\":\"http:\/\/c.watch\/de\/\"},{\"@type\":\"ListItem\",\"position\":2,\"name\":\"Benefits &#8211; Food\"}]},{\"@type\":\"WebSite\",\"@id\":\"https:\/\/c.watch\/de\/#website\",\"url\":\"https:\/\/c.watch\/de\/\",\"name\":\"cWatch\",\"description\":\"\",\"potentialAction\":[{\"@type\":\"SearchAction\",\"target\":{\"@type\":\"EntryPoint\",\"urlTemplate\":\"https:\/\/c.watch\/de\/?s={search_term_string}\"},\"query-input\":{\"@type\":\"PropertyValueSpecification\",\"valueRequired\":true,\"valueName\":\"search_term_string\"}}],\"inLanguage\":\"de\"}]}<\/script>\n<!-- \/ Yoast SEO plugin. -->","yoast_head_json":{"title":"Benefits - Food - cWatch","robots":{"index":"index","follow":"follow","max-snippet":"max-snippet:-1","max-image-preview":"max-image-preview:large","max-video-preview":"max-video-preview:-1"},"canonical":"https:\/\/c.watch\/de\/benefits-food\/","og_locale":"de_DE","og_type":"article","og_title":"Benefits - Food - cWatch","og_description":"Lassen Sie Ihre In-Store-Prozesse wie ein&nbsp;Uhrwerk laufen Statten Sie Ihre Teams mit tragbaren L\u00f6sungen aus, die&nbsp;t\u00e4gliche Prozesse vereinfachen, unn\u00f6tigen Aufwand reduzieren und eine&nbsp;reibungslose Umsetzung vom Lager bis zur Kasse sicherstellen.","og_url":"https:\/\/c.watch\/de\/benefits-food\/","og_site_name":"cWatch","article_modified_time":"2026-02-05T23:02:10+00:00","twitter_card":"summary_large_image","twitter_misc":{"Gesch\u00e4tzte Lesezeit":"1\u00a0Minute"},"schema":{"@context":"https:\/\/schema.org","@graph":[{"@type":"WebPage","@id":"https:\/\/c.watch\/de\/benefits-food\/","url":"https:\/\/c.watch\/de\/benefits-food\/","name":"Benefits - Food - cWatch","isPartOf":{"@id":"https:\/\/c.watch\/de\/#website"},"datePublished":"2026-01-26T15:43:37+00:00","dateModified":"2026-02-05T23:02:10+00:00","breadcrumb":{"@id":"https:\/\/c.watch\/de\/benefits-food\/#breadcrumb"},"inLanguage":"de","potentialAction":[{"@type":"ReadAction","target":["https:\/\/c.watch\/de\/benefits-food\/"]}]},{"@type":"BreadcrumbList","@id":"https:\/\/c.watch\/de\/benefits-food\/#breadcrumb","itemListElement":[{"@type":"ListItem","position":1,"name":"Home","item":"http:\/\/c.watch\/de\/"},{"@type":"ListItem","position":2,"name":"Benefits &#8211; Food"}]},{"@type":"WebSite","@id":"https:\/\/c.watch\/de\/#website","url":"https:\/\/c.watch\/de\/","name":"cWatch","description":"","potentialAction":[{"@type":"SearchAction","target":{"@type":"EntryPoint","urlTemplate":"https:\/\/c.watch\/de\/?s={search_term_string}"},"query-input":{"@type":"PropertyValueSpecification","valueRequired":true,"valueName":"search_term_string"}}],"inLanguage":"de"}]}},"_links":{"self":[{"href":"https:\/\/c.watch\/de\/wp-json\/wp\/v2\/pages\/2687","targetHints":{"allow":["GET"]}}],"collection":[{"href":"https:\/\/c.watch\/de\/wp-json\/wp\/v2\/pages"}],"about":[{"href":"https:\/\/c.watch\/de\/wp-json\/wp\/v2\/types\/page"}],"author":[{"embeddable":true,"href":"https:\/\/c.watch\/de\/wp-json\/wp\/v2\/users\/1"}],"replies":[{"embeddable":true,"href":"https:\/\/c.watch\/de\/wp-json\/wp\/v2\/comments?post=2687"}],"version-history":[{"count":2,"href":"https:\/\/c.watch\/de\/wp-json\/wp\/v2\/pages\/2687\/revisions"}],"predecessor-version":[{"id":2850,"href":"https:\/\/c.watch\/de\/wp-json\/wp\/v2\/pages\/2687\/revisions\/2850"}],"wp:attachment":[{"href":"https:\/\/c.watch\/de\/wp-json\/wp\/v2\/media?parent=2687"}],"curies":[{"name":"wp","href":"https:\/\/api.w.org\/{rel}","templated":true}]}}