{"id":2677,"date":"2026-01-27T22:36:53","date_gmt":"2026-01-27T21:36:53","guid":{"rendered":"https:\/\/c.watch\/benefits-grocery-general-merchandising\/"},"modified":"2026-02-06T00:03:58","modified_gmt":"2026-02-05T23:03:58","slug":"avantages-securisez-votre-magasin","status":"publish","type":"page","link":"https:\/\/c.watch\/fr\/avantages-securisez-votre-magasin\/","title":{"rendered":"Avantages &#8211; S\u00e9curisez votre magasin"},"content":{"rendered":"<h1>S\u00e9curisez votre magasin.<br \/>\nProt\u00e9gez vos \u00e9quipese<\/h1>\n<p>Donnez \u00e0 vos employ\u00e9s les moyens d\u2019\u00eatre inform\u00e9s et prot\u00e9g\u00e9s en cas de situation sensible. Assurez leur s\u00e9curit\u00e9 gr\u00e2ce \u00e0 des alertes discr\u00e8tes et imm\u00e9diates.<\/p>\n","protected":false},"excerpt":{"rendered":"<p>S\u00e9curisez votre magasin. Prot\u00e9gez vos \u00e9quipese Donnez \u00e0 vos employ\u00e9s les moyens d\u2019\u00eatre inform\u00e9s et prot\u00e9g\u00e9s en cas de situation sensible. Assurez leur s\u00e9curit\u00e9 gr\u00e2ce \u00e0 des alertes discr\u00e8tes et imm\u00e9diates.<\/p>\n","protected":false},"author":1,"featured_media":0,"parent":0,"menu_order":0,"comment_status":"closed","ping_status":"closed","template":"tpl-lp-benefits.php","meta":{"_acf_changed":false,"footnotes":""},"class_list":["post-2677","page","type-page","status-publish","hentry"],"acf":[],"yoast_head":"<!-- This site is optimized with the Yoast SEO plugin v26.9 - https:\/\/yoast.com\/product\/yoast-seo-wordpress\/ -->\n<title>Avantages - S\u00e9curisez votre magasin - cWatch<\/title>\n<meta name=\"robots\" content=\"index, follow, max-snippet:-1, max-image-preview:large, max-video-preview:-1\" \/>\n<link rel=\"canonical\" href=\"https:\/\/c.watch\/fr\/avantages-securisez-votre-magasin\/\" \/>\n<meta property=\"og:locale\" content=\"fr_FR\" \/>\n<meta property=\"og:type\" content=\"article\" \/>\n<meta property=\"og:title\" content=\"Avantages - S\u00e9curisez votre magasin - cWatch\" \/>\n<meta property=\"og:description\" content=\"S\u00e9curisez votre magasin. Prot\u00e9gez vos \u00e9quipese Donnez \u00e0 vos employ\u00e9s les moyens d\u2019\u00eatre inform\u00e9s et prot\u00e9g\u00e9s en cas de situation sensible. Assurez leur s\u00e9curit\u00e9 gr\u00e2ce \u00e0 des alertes discr\u00e8tes et imm\u00e9diates.\" \/>\n<meta property=\"og:url\" content=\"https:\/\/c.watch\/fr\/avantages-securisez-votre-magasin\/\" \/>\n<meta property=\"og:site_name\" content=\"cWatch\" \/>\n<meta property=\"article:modified_time\" content=\"2026-02-05T23:03:58+00:00\" \/>\n<meta name=\"twitter:card\" content=\"summary_large_image\" \/>\n<meta name=\"twitter:label1\" content=\"Dur\u00e9e de lecture estim\u00e9e\" \/>\n\t<meta name=\"twitter:data1\" content=\"1 minute\" \/>\n<script type=\"application\/ld+json\" class=\"yoast-schema-graph\">{\"@context\":\"https:\/\/schema.org\",\"@graph\":[{\"@type\":\"WebPage\",\"@id\":\"https:\/\/c.watch\/fr\/avantages-securisez-votre-magasin\/\",\"url\":\"https:\/\/c.watch\/fr\/avantages-securisez-votre-magasin\/\",\"name\":\"Avantages - S\u00e9curisez votre magasin - cWatch\",\"isPartOf\":{\"@id\":\"https:\/\/c.watch\/fr\/#website\"},\"datePublished\":\"2026-01-27T21:36:53+00:00\",\"dateModified\":\"2026-02-05T23:03:58+00:00\",\"breadcrumb\":{\"@id\":\"https:\/\/c.watch\/fr\/avantages-securisez-votre-magasin\/#breadcrumb\"},\"inLanguage\":\"fr-FR\",\"potentialAction\":[{\"@type\":\"ReadAction\",\"target\":[\"https:\/\/c.watch\/fr\/avantages-securisez-votre-magasin\/\"]}]},{\"@type\":\"BreadcrumbList\",\"@id\":\"https:\/\/c.watch\/fr\/avantages-securisez-votre-magasin\/#breadcrumb\",\"itemListElement\":[{\"@type\":\"ListItem\",\"position\":1,\"name\":\"Home\",\"item\":\"https:\/\/c.watch\/fr\/\"},{\"@type\":\"ListItem\",\"position\":2,\"name\":\"Avantages &#8211; S\u00e9curisez votre magasin\"}]},{\"@type\":\"WebSite\",\"@id\":\"https:\/\/c.watch\/fr\/#website\",\"url\":\"https:\/\/c.watch\/fr\/\",\"name\":\"cWatch\",\"description\":\"\",\"potentialAction\":[{\"@type\":\"SearchAction\",\"target\":{\"@type\":\"EntryPoint\",\"urlTemplate\":\"https:\/\/c.watch\/fr\/?s={search_term_string}\"},\"query-input\":{\"@type\":\"PropertyValueSpecification\",\"valueRequired\":true,\"valueName\":\"search_term_string\"}}],\"inLanguage\":\"fr-FR\"}]}<\/script>\n<!-- \/ Yoast SEO plugin. -->","yoast_head_json":{"title":"Avantages - S\u00e9curisez votre magasin - cWatch","robots":{"index":"index","follow":"follow","max-snippet":"max-snippet:-1","max-image-preview":"max-image-preview:large","max-video-preview":"max-video-preview:-1"},"canonical":"https:\/\/c.watch\/fr\/avantages-securisez-votre-magasin\/","og_locale":"fr_FR","og_type":"article","og_title":"Avantages - S\u00e9curisez votre magasin - cWatch","og_description":"S\u00e9curisez votre magasin. Prot\u00e9gez vos \u00e9quipese Donnez \u00e0 vos employ\u00e9s les moyens d\u2019\u00eatre inform\u00e9s et prot\u00e9g\u00e9s en cas de situation sensible. Assurez leur s\u00e9curit\u00e9 gr\u00e2ce \u00e0 des alertes discr\u00e8tes et imm\u00e9diates.","og_url":"https:\/\/c.watch\/fr\/avantages-securisez-votre-magasin\/","og_site_name":"cWatch","article_modified_time":"2026-02-05T23:03:58+00:00","twitter_card":"summary_large_image","twitter_misc":{"Dur\u00e9e de lecture estim\u00e9e":"1 minute"},"schema":{"@context":"https:\/\/schema.org","@graph":[{"@type":"WebPage","@id":"https:\/\/c.watch\/fr\/avantages-securisez-votre-magasin\/","url":"https:\/\/c.watch\/fr\/avantages-securisez-votre-magasin\/","name":"Avantages - S\u00e9curisez votre magasin - cWatch","isPartOf":{"@id":"https:\/\/c.watch\/fr\/#website"},"datePublished":"2026-01-27T21:36:53+00:00","dateModified":"2026-02-05T23:03:58+00:00","breadcrumb":{"@id":"https:\/\/c.watch\/fr\/avantages-securisez-votre-magasin\/#breadcrumb"},"inLanguage":"fr-FR","potentialAction":[{"@type":"ReadAction","target":["https:\/\/c.watch\/fr\/avantages-securisez-votre-magasin\/"]}]},{"@type":"BreadcrumbList","@id":"https:\/\/c.watch\/fr\/avantages-securisez-votre-magasin\/#breadcrumb","itemListElement":[{"@type":"ListItem","position":1,"name":"Home","item":"https:\/\/c.watch\/fr\/"},{"@type":"ListItem","position":2,"name":"Avantages &#8211; S\u00e9curisez votre magasin"}]},{"@type":"WebSite","@id":"https:\/\/c.watch\/fr\/#website","url":"https:\/\/c.watch\/fr\/","name":"cWatch","description":"","potentialAction":[{"@type":"SearchAction","target":{"@type":"EntryPoint","urlTemplate":"https:\/\/c.watch\/fr\/?s={search_term_string}"},"query-input":{"@type":"PropertyValueSpecification","valueRequired":true,"valueName":"search_term_string"}}],"inLanguage":"fr-FR"}]}},"_links":{"self":[{"href":"https:\/\/c.watch\/fr\/wp-json\/wp\/v2\/pages\/2677","targetHints":{"allow":["GET"]}}],"collection":[{"href":"https:\/\/c.watch\/fr\/wp-json\/wp\/v2\/pages"}],"about":[{"href":"https:\/\/c.watch\/fr\/wp-json\/wp\/v2\/types\/page"}],"author":[{"embeddable":true,"href":"https:\/\/c.watch\/fr\/wp-json\/wp\/v2\/users\/1"}],"replies":[{"embeddable":true,"href":"https:\/\/c.watch\/fr\/wp-json\/wp\/v2\/comments?post=2677"}],"version-history":[{"count":2,"href":"https:\/\/c.watch\/fr\/wp-json\/wp\/v2\/pages\/2677\/revisions"}],"predecessor-version":[{"id":2853,"href":"https:\/\/c.watch\/fr\/wp-json\/wp\/v2\/pages\/2677\/revisions\/2853"}],"wp:attachment":[{"href":"https:\/\/c.watch\/fr\/wp-json\/wp\/v2\/media?parent=2677"}],"curies":[{"name":"wp","href":"https:\/\/api.w.org\/{rel}","templated":true}]}}