{"id":2712,"date":"2026-01-27T22:18:36","date_gmt":"2026-01-27T21:18:36","guid":{"rendered":"https:\/\/c.watch\/benefits-non-food\/"},"modified":"2026-02-05T15:37:07","modified_gmt":"2026-02-05T14:37:07","slug":"benefits-non-food","status":"publish","type":"page","link":"https:\/\/c.watch\/fr\/benefits-non-food\/","title":{"rendered":"Benefits \u2013 Non Food"},"content":{"rendered":"<h1>Ne laissez plus vos clients partir vers le e-commerce<\/h1>\n<p>Le e-commerce a capt\u00e9 votre trafic, mais pas encore vos clients. Avec cWatch, votre parcours client s\u2019am\u00e9liore , une \u00e9quipe plus r\u00e9active, un service plus humain et une exp\u00e9rience en magasin inoubliable.<\/p>\n","protected":false},"excerpt":{"rendered":"<p>Ne laissez plus vos clients partir vers le e-commerce Le e-commerce a capt\u00e9 votre trafic, mais pas encore vos clients. Avec cWatch, votre parcours client s\u2019am\u00e9liore , une \u00e9quipe plus r\u00e9active, un service plus humain et une exp\u00e9rience en magasin inoubliable.<\/p>\n","protected":false},"author":1,"featured_media":0,"parent":0,"menu_order":0,"comment_status":"closed","ping_status":"closed","template":"tpl-lp-benefits.php","meta":{"_acf_changed":false,"footnotes":""},"class_list":["post-2712","page","type-page","status-publish","hentry"],"acf":[],"yoast_head":"<!-- This site is optimized with the Yoast SEO plugin v26.9 - https:\/\/yoast.com\/product\/yoast-seo-wordpress\/ -->\n<title>Benefits \u2013 Non Food - cWatch<\/title>\n<meta name=\"robots\" content=\"index, follow, max-snippet:-1, max-image-preview:large, max-video-preview:-1\" \/>\n<link rel=\"canonical\" href=\"https:\/\/c.watch\/fr\/benefits-non-food\/\" \/>\n<meta property=\"og:locale\" content=\"fr_FR\" \/>\n<meta property=\"og:type\" content=\"article\" \/>\n<meta property=\"og:title\" content=\"Benefits \u2013 Non Food - cWatch\" \/>\n<meta property=\"og:description\" content=\"Ne laissez plus vos clients partir vers le e-commerce Le e-commerce a capt\u00e9 votre trafic, mais pas encore vos clients. Avec cWatch, votre parcours client s\u2019am\u00e9liore , une \u00e9quipe plus r\u00e9active, un service plus humain et une exp\u00e9rience en magasin inoubliable.\" \/>\n<meta property=\"og:url\" content=\"https:\/\/c.watch\/fr\/benefits-non-food\/\" \/>\n<meta property=\"og:site_name\" content=\"cWatch\" \/>\n<meta property=\"article:modified_time\" content=\"2026-02-05T14:37:07+00:00\" \/>\n<meta name=\"twitter:card\" content=\"summary_large_image\" \/>\n<meta name=\"twitter:label1\" content=\"Dur\u00e9e de lecture estim\u00e9e\" \/>\n\t<meta name=\"twitter:data1\" content=\"1 minute\" \/>\n<script type=\"application\/ld+json\" class=\"yoast-schema-graph\">{\"@context\":\"https:\/\/schema.org\",\"@graph\":[{\"@type\":\"WebPage\",\"@id\":\"https:\/\/c.watch\/fr\/benefits-non-food\/\",\"url\":\"https:\/\/c.watch\/fr\/benefits-non-food\/\",\"name\":\"Benefits \u2013 Non Food - cWatch\",\"isPartOf\":{\"@id\":\"https:\/\/c.watch\/fr\/#website\"},\"datePublished\":\"2026-01-27T21:18:36+00:00\",\"dateModified\":\"2026-02-05T14:37:07+00:00\",\"breadcrumb\":{\"@id\":\"https:\/\/c.watch\/fr\/benefits-non-food\/#breadcrumb\"},\"inLanguage\":\"fr-FR\",\"potentialAction\":[{\"@type\":\"ReadAction\",\"target\":[\"https:\/\/c.watch\/fr\/benefits-non-food\/\"]}]},{\"@type\":\"BreadcrumbList\",\"@id\":\"https:\/\/c.watch\/fr\/benefits-non-food\/#breadcrumb\",\"itemListElement\":[{\"@type\":\"ListItem\",\"position\":1,\"name\":\"Home\",\"item\":\"https:\/\/c.watch\/fr\/\"},{\"@type\":\"ListItem\",\"position\":2,\"name\":\"Benefits \u2013 Non Food\"}]},{\"@type\":\"WebSite\",\"@id\":\"https:\/\/c.watch\/fr\/#website\",\"url\":\"https:\/\/c.watch\/fr\/\",\"name\":\"cWatch\",\"description\":\"\",\"potentialAction\":[{\"@type\":\"SearchAction\",\"target\":{\"@type\":\"EntryPoint\",\"urlTemplate\":\"https:\/\/c.watch\/fr\/?s={search_term_string}\"},\"query-input\":{\"@type\":\"PropertyValueSpecification\",\"valueRequired\":true,\"valueName\":\"search_term_string\"}}],\"inLanguage\":\"fr-FR\"}]}<\/script>\n<!-- \/ Yoast SEO plugin. -->","yoast_head_json":{"title":"Benefits \u2013 Non Food - cWatch","robots":{"index":"index","follow":"follow","max-snippet":"max-snippet:-1","max-image-preview":"max-image-preview:large","max-video-preview":"max-video-preview:-1"},"canonical":"https:\/\/c.watch\/fr\/benefits-non-food\/","og_locale":"fr_FR","og_type":"article","og_title":"Benefits \u2013 Non Food - cWatch","og_description":"Ne laissez plus vos clients partir vers le e-commerce Le e-commerce a capt\u00e9 votre trafic, mais pas encore vos clients. Avec cWatch, votre parcours client s\u2019am\u00e9liore , une \u00e9quipe plus r\u00e9active, un service plus humain et une exp\u00e9rience en magasin inoubliable.","og_url":"https:\/\/c.watch\/fr\/benefits-non-food\/","og_site_name":"cWatch","article_modified_time":"2026-02-05T14:37:07+00:00","twitter_card":"summary_large_image","twitter_misc":{"Dur\u00e9e de lecture estim\u00e9e":"1 minute"},"schema":{"@context":"https:\/\/schema.org","@graph":[{"@type":"WebPage","@id":"https:\/\/c.watch\/fr\/benefits-non-food\/","url":"https:\/\/c.watch\/fr\/benefits-non-food\/","name":"Benefits \u2013 Non Food - cWatch","isPartOf":{"@id":"https:\/\/c.watch\/fr\/#website"},"datePublished":"2026-01-27T21:18:36+00:00","dateModified":"2026-02-05T14:37:07+00:00","breadcrumb":{"@id":"https:\/\/c.watch\/fr\/benefits-non-food\/#breadcrumb"},"inLanguage":"fr-FR","potentialAction":[{"@type":"ReadAction","target":["https:\/\/c.watch\/fr\/benefits-non-food\/"]}]},{"@type":"BreadcrumbList","@id":"https:\/\/c.watch\/fr\/benefits-non-food\/#breadcrumb","itemListElement":[{"@type":"ListItem","position":1,"name":"Home","item":"https:\/\/c.watch\/fr\/"},{"@type":"ListItem","position":2,"name":"Benefits \u2013 Non Food"}]},{"@type":"WebSite","@id":"https:\/\/c.watch\/fr\/#website","url":"https:\/\/c.watch\/fr\/","name":"cWatch","description":"","potentialAction":[{"@type":"SearchAction","target":{"@type":"EntryPoint","urlTemplate":"https:\/\/c.watch\/fr\/?s={search_term_string}"},"query-input":{"@type":"PropertyValueSpecification","valueRequired":true,"valueName":"search_term_string"}}],"inLanguage":"fr-FR"}]}},"_links":{"self":[{"href":"https:\/\/c.watch\/fr\/wp-json\/wp\/v2\/pages\/2712","targetHints":{"allow":["GET"]}}],"collection":[{"href":"https:\/\/c.watch\/fr\/wp-json\/wp\/v2\/pages"}],"about":[{"href":"https:\/\/c.watch\/fr\/wp-json\/wp\/v2\/types\/page"}],"author":[{"embeddable":true,"href":"https:\/\/c.watch\/fr\/wp-json\/wp\/v2\/users\/1"}],"replies":[{"embeddable":true,"href":"https:\/\/c.watch\/fr\/wp-json\/wp\/v2\/comments?post=2712"}],"version-history":[{"count":3,"href":"https:\/\/c.watch\/fr\/wp-json\/wp\/v2\/pages\/2712\/revisions"}],"predecessor-version":[{"id":2841,"href":"https:\/\/c.watch\/fr\/wp-json\/wp\/v2\/pages\/2712\/revisions\/2841"}],"wp:attachment":[{"href":"https:\/\/c.watch\/fr\/wp-json\/wp\/v2\/media?parent=2712"}],"curies":[{"name":"wp","href":"https:\/\/api.w.org\/{rel}","templated":true}]}}