{"id":2871,"date":"2026-01-28T00:36:33","date_gmt":"2026-01-27T23:36:33","guid":{"rendered":"https:\/\/c.watch\/cwatch-dashboard\/"},"modified":"2026-01-28T00:36:33","modified_gmt":"2026-01-27T23:36:33","slug":"cwatch-dashboard","status":"publish","type":"page","link":"https:\/\/c.watch\/fr\/cwatch-dashboard\/","title":{"rendered":"cWatch Dashboard"},"content":{"rendered":"<h1>cWatch Dashboard<\/h1>\n<p>Une utilisation coh\u00e9rente de cWatch dans tout le r\u00e9seau, des comparaisons de performance claires entre les magasins et des d\u00e9cisions s\u00fbres qui am\u00e9liorent les r\u00e9sultats op\u00e9rationnels \u00e0 grande \u00e9chelle.<\/p>\n","protected":false},"excerpt":{"rendered":"<p>cWatch Dashboard Une utilisation coh\u00e9rente de cWatch dans tout le r\u00e9seau, des comparaisons de performance claires entre les magasins et des d\u00e9cisions s\u00fbres qui am\u00e9liorent les r\u00e9sultats op\u00e9rationnels \u00e0 grande \u00e9chelle.<\/p>\n","protected":false},"author":1,"featured_media":0,"parent":0,"menu_order":0,"comment_status":"closed","ping_status":"closed","template":"tpl-lp-solutions.php","meta":{"_acf_changed":false,"footnotes":""},"class_list":["post-2871","page","type-page","status-publish","hentry"],"acf":[],"yoast_head":"<!-- This site is optimized with the Yoast SEO plugin v26.9 - https:\/\/yoast.com\/product\/yoast-seo-wordpress\/ -->\n<title>cWatch Dashboard - cWatch<\/title>\n<meta name=\"robots\" content=\"index, follow, max-snippet:-1, max-image-preview:large, max-video-preview:-1\" \/>\n<link rel=\"canonical\" href=\"https:\/\/c.watch\/fr\/cwatch-dashboard\/\" \/>\n<meta property=\"og:locale\" content=\"fr_FR\" \/>\n<meta property=\"og:type\" content=\"article\" \/>\n<meta property=\"og:title\" content=\"cWatch Dashboard - cWatch\" \/>\n<meta property=\"og:description\" content=\"cWatch Dashboard Une utilisation coh\u00e9rente de cWatch dans tout le r\u00e9seau, des comparaisons de performance claires entre les magasins et des d\u00e9cisions s\u00fbres qui am\u00e9liorent les r\u00e9sultats op\u00e9rationnels \u00e0 grande \u00e9chelle.\" \/>\n<meta property=\"og:url\" content=\"https:\/\/c.watch\/fr\/cwatch-dashboard\/\" \/>\n<meta property=\"og:site_name\" content=\"cWatch\" \/>\n<meta name=\"twitter:card\" content=\"summary_large_image\" \/>\n<script type=\"application\/ld+json\" class=\"yoast-schema-graph\">{\"@context\":\"https:\/\/schema.org\",\"@graph\":[{\"@type\":\"WebPage\",\"@id\":\"https:\/\/c.watch\/fr\/cwatch-dashboard\/\",\"url\":\"https:\/\/c.watch\/fr\/cwatch-dashboard\/\",\"name\":\"cWatch Dashboard - cWatch\",\"isPartOf\":{\"@id\":\"https:\/\/c.watch\/fr\/#website\"},\"datePublished\":\"2026-01-27T23:36:33+00:00\",\"breadcrumb\":{\"@id\":\"https:\/\/c.watch\/fr\/cwatch-dashboard\/#breadcrumb\"},\"inLanguage\":\"fr-FR\",\"potentialAction\":[{\"@type\":\"ReadAction\",\"target\":[\"https:\/\/c.watch\/fr\/cwatch-dashboard\/\"]}]},{\"@type\":\"BreadcrumbList\",\"@id\":\"https:\/\/c.watch\/fr\/cwatch-dashboard\/#breadcrumb\",\"itemListElement\":[{\"@type\":\"ListItem\",\"position\":1,\"name\":\"Home\",\"item\":\"https:\/\/c.watch\/fr\/\"},{\"@type\":\"ListItem\",\"position\":2,\"name\":\"cWatch Dashboard\"}]},{\"@type\":\"WebSite\",\"@id\":\"https:\/\/c.watch\/fr\/#website\",\"url\":\"https:\/\/c.watch\/fr\/\",\"name\":\"cWatch\",\"description\":\"\",\"potentialAction\":[{\"@type\":\"SearchAction\",\"target\":{\"@type\":\"EntryPoint\",\"urlTemplate\":\"https:\/\/c.watch\/fr\/?s={search_term_string}\"},\"query-input\":{\"@type\":\"PropertyValueSpecification\",\"valueRequired\":true,\"valueName\":\"search_term_string\"}}],\"inLanguage\":\"fr-FR\"}]}<\/script>\n<!-- \/ Yoast SEO plugin. -->","yoast_head_json":{"title":"cWatch Dashboard - cWatch","robots":{"index":"index","follow":"follow","max-snippet":"max-snippet:-1","max-image-preview":"max-image-preview:large","max-video-preview":"max-video-preview:-1"},"canonical":"https:\/\/c.watch\/fr\/cwatch-dashboard\/","og_locale":"fr_FR","og_type":"article","og_title":"cWatch Dashboard - cWatch","og_description":"cWatch Dashboard Une utilisation coh\u00e9rente de cWatch dans tout le r\u00e9seau, des comparaisons de performance claires entre les magasins et des d\u00e9cisions s\u00fbres qui am\u00e9liorent les r\u00e9sultats op\u00e9rationnels \u00e0 grande \u00e9chelle.","og_url":"https:\/\/c.watch\/fr\/cwatch-dashboard\/","og_site_name":"cWatch","twitter_card":"summary_large_image","schema":{"@context":"https:\/\/schema.org","@graph":[{"@type":"WebPage","@id":"https:\/\/c.watch\/fr\/cwatch-dashboard\/","url":"https:\/\/c.watch\/fr\/cwatch-dashboard\/","name":"cWatch Dashboard - cWatch","isPartOf":{"@id":"https:\/\/c.watch\/fr\/#website"},"datePublished":"2026-01-27T23:36:33+00:00","breadcrumb":{"@id":"https:\/\/c.watch\/fr\/cwatch-dashboard\/#breadcrumb"},"inLanguage":"fr-FR","potentialAction":[{"@type":"ReadAction","target":["https:\/\/c.watch\/fr\/cwatch-dashboard\/"]}]},{"@type":"BreadcrumbList","@id":"https:\/\/c.watch\/fr\/cwatch-dashboard\/#breadcrumb","itemListElement":[{"@type":"ListItem","position":1,"name":"Home","item":"https:\/\/c.watch\/fr\/"},{"@type":"ListItem","position":2,"name":"cWatch Dashboard"}]},{"@type":"WebSite","@id":"https:\/\/c.watch\/fr\/#website","url":"https:\/\/c.watch\/fr\/","name":"cWatch","description":"","potentialAction":[{"@type":"SearchAction","target":{"@type":"EntryPoint","urlTemplate":"https:\/\/c.watch\/fr\/?s={search_term_string}"},"query-input":{"@type":"PropertyValueSpecification","valueRequired":true,"valueName":"search_term_string"}}],"inLanguage":"fr-FR"}]}},"_links":{"self":[{"href":"https:\/\/c.watch\/fr\/wp-json\/wp\/v2\/pages\/2871","targetHints":{"allow":["GET"]}}],"collection":[{"href":"https:\/\/c.watch\/fr\/wp-json\/wp\/v2\/pages"}],"about":[{"href":"https:\/\/c.watch\/fr\/wp-json\/wp\/v2\/types\/page"}],"author":[{"embeddable":true,"href":"https:\/\/c.watch\/fr\/wp-json\/wp\/v2\/users\/1"}],"replies":[{"embeddable":true,"href":"https:\/\/c.watch\/fr\/wp-json\/wp\/v2\/comments?post=2871"}],"version-history":[{"count":0,"href":"https:\/\/c.watch\/fr\/wp-json\/wp\/v2\/pages\/2871\/revisions"}],"wp:attachment":[{"href":"https:\/\/c.watch\/fr\/wp-json\/wp\/v2\/media?parent=2871"}],"curies":[{"name":"wp","href":"https:\/\/api.w.org\/{rel}","templated":true}]}}