{"id":517,"date":"2024-10-31T12:53:40","date_gmt":"2024-10-31T11:53:40","guid":{"rendered":"https:\/\/c.watch\/clients\/"},"modified":"2024-11-14T14:12:36","modified_gmt":"2024-11-14T14:12:36","slug":"clients","status":"publish","type":"page","link":"https:\/\/c.watch\/fr\/clients\/","title":{"rendered":"Clients"},"content":{"rendered":"<h1>Clients<\/h1>\n<p>D\u00e9couvrez comment nos clients du monde entier utilisent cWatch au quotidien pour faciliter la collaboration d&rsquo;\u00e9quipe, am\u00e9liorer la s\u00e9curit\u00e9, offrir une meilleure exp\u00e9rience d&rsquo;achat et augmenter la conversion des visiteurs en clients.<\/p>\n","protected":false},"excerpt":{"rendered":"<p>Clients D\u00e9couvrez comment nos clients du monde entier utilisent cWatch au quotidien pour faciliter la collaboration d&rsquo;\u00e9quipe, am\u00e9liorer la s\u00e9curit\u00e9, offrir une meilleure exp\u00e9rience d&rsquo;achat et augmenter la conversion des visiteurs en clients.<\/p>\n","protected":false},"author":1,"featured_media":0,"parent":0,"menu_order":0,"comment_status":"closed","ping_status":"closed","template":"tpl-clients.php","meta":{"_acf_changed":false,"footnotes":""},"class_list":["post-517","page","type-page","status-publish","hentry"],"acf":[],"yoast_head":"<!-- This site is optimized with the Yoast SEO plugin v26.9 - https:\/\/yoast.com\/product\/yoast-seo-wordpress\/ -->\n<title>Clients - cWatch<\/title>\n<meta name=\"robots\" content=\"index, follow, max-snippet:-1, max-image-preview:large, max-video-preview:-1\" \/>\n<link rel=\"canonical\" href=\"https:\/\/c.watch\/fr\/clients\/\" \/>\n<meta property=\"og:locale\" content=\"fr_FR\" \/>\n<meta property=\"og:type\" content=\"article\" \/>\n<meta property=\"og:title\" content=\"Clients - cWatch\" \/>\n<meta property=\"og:description\" content=\"Clients D\u00e9couvrez comment nos clients du monde entier utilisent cWatch au quotidien pour faciliter la collaboration d&rsquo;\u00e9quipe, am\u00e9liorer la s\u00e9curit\u00e9, offrir une meilleure exp\u00e9rience d&rsquo;achat et augmenter la conversion des visiteurs en clients.\" \/>\n<meta property=\"og:url\" content=\"https:\/\/c.watch\/fr\/clients\/\" \/>\n<meta property=\"og:site_name\" content=\"cWatch\" \/>\n<meta property=\"article:modified_time\" content=\"2024-11-14T14:12:36+00:00\" \/>\n<meta name=\"twitter:card\" content=\"summary_large_image\" \/>\n<script type=\"application\/ld+json\" class=\"yoast-schema-graph\">{\"@context\":\"https:\/\/schema.org\",\"@graph\":[{\"@type\":\"WebPage\",\"@id\":\"https:\/\/c.watch\/fr\/clients\/\",\"url\":\"https:\/\/c.watch\/fr\/clients\/\",\"name\":\"Clients - cWatch\",\"isPartOf\":{\"@id\":\"https:\/\/c.watch\/fr\/#website\"},\"datePublished\":\"2024-10-31T11:53:40+00:00\",\"dateModified\":\"2024-11-14T14:12:36+00:00\",\"breadcrumb\":{\"@id\":\"https:\/\/c.watch\/fr\/clients\/#breadcrumb\"},\"inLanguage\":\"fr-FR\",\"potentialAction\":[{\"@type\":\"ReadAction\",\"target\":[\"https:\/\/c.watch\/fr\/clients\/\"]}]},{\"@type\":\"BreadcrumbList\",\"@id\":\"https:\/\/c.watch\/fr\/clients\/#breadcrumb\",\"itemListElement\":[{\"@type\":\"ListItem\",\"position\":1,\"name\":\"Home\",\"item\":\"https:\/\/c.watch\/fr\/\"},{\"@type\":\"ListItem\",\"position\":2,\"name\":\"Clients\"}]},{\"@type\":\"WebSite\",\"@id\":\"https:\/\/c.watch\/fr\/#website\",\"url\":\"https:\/\/c.watch\/fr\/\",\"name\":\"cWatch\",\"description\":\"\",\"potentialAction\":[{\"@type\":\"SearchAction\",\"target\":{\"@type\":\"EntryPoint\",\"urlTemplate\":\"https:\/\/c.watch\/fr\/?s={search_term_string}\"},\"query-input\":{\"@type\":\"PropertyValueSpecification\",\"valueRequired\":true,\"valueName\":\"search_term_string\"}}],\"inLanguage\":\"fr-FR\"}]}<\/script>\n<!-- \/ Yoast SEO plugin. -->","yoast_head_json":{"title":"Clients - cWatch","robots":{"index":"index","follow":"follow","max-snippet":"max-snippet:-1","max-image-preview":"max-image-preview:large","max-video-preview":"max-video-preview:-1"},"canonical":"https:\/\/c.watch\/fr\/clients\/","og_locale":"fr_FR","og_type":"article","og_title":"Clients - cWatch","og_description":"Clients D\u00e9couvrez comment nos clients du monde entier utilisent cWatch au quotidien pour faciliter la collaboration d&rsquo;\u00e9quipe, am\u00e9liorer la s\u00e9curit\u00e9, offrir une meilleure exp\u00e9rience d&rsquo;achat et augmenter la conversion des visiteurs en clients.","og_url":"https:\/\/c.watch\/fr\/clients\/","og_site_name":"cWatch","article_modified_time":"2024-11-14T14:12:36+00:00","twitter_card":"summary_large_image","schema":{"@context":"https:\/\/schema.org","@graph":[{"@type":"WebPage","@id":"https:\/\/c.watch\/fr\/clients\/","url":"https:\/\/c.watch\/fr\/clients\/","name":"Clients - cWatch","isPartOf":{"@id":"https:\/\/c.watch\/fr\/#website"},"datePublished":"2024-10-31T11:53:40+00:00","dateModified":"2024-11-14T14:12:36+00:00","breadcrumb":{"@id":"https:\/\/c.watch\/fr\/clients\/#breadcrumb"},"inLanguage":"fr-FR","potentialAction":[{"@type":"ReadAction","target":["https:\/\/c.watch\/fr\/clients\/"]}]},{"@type":"BreadcrumbList","@id":"https:\/\/c.watch\/fr\/clients\/#breadcrumb","itemListElement":[{"@type":"ListItem","position":1,"name":"Home","item":"https:\/\/c.watch\/fr\/"},{"@type":"ListItem","position":2,"name":"Clients"}]},{"@type":"WebSite","@id":"https:\/\/c.watch\/fr\/#website","url":"https:\/\/c.watch\/fr\/","name":"cWatch","description":"","potentialAction":[{"@type":"SearchAction","target":{"@type":"EntryPoint","urlTemplate":"https:\/\/c.watch\/fr\/?s={search_term_string}"},"query-input":{"@type":"PropertyValueSpecification","valueRequired":true,"valueName":"search_term_string"}}],"inLanguage":"fr-FR"}]}},"_links":{"self":[{"href":"https:\/\/c.watch\/fr\/wp-json\/wp\/v2\/pages\/517","targetHints":{"allow":["GET"]}}],"collection":[{"href":"https:\/\/c.watch\/fr\/wp-json\/wp\/v2\/pages"}],"about":[{"href":"https:\/\/c.watch\/fr\/wp-json\/wp\/v2\/types\/page"}],"author":[{"embeddable":true,"href":"https:\/\/c.watch\/fr\/wp-json\/wp\/v2\/users\/1"}],"replies":[{"embeddable":true,"href":"https:\/\/c.watch\/fr\/wp-json\/wp\/v2\/comments?post=517"}],"version-history":[{"count":0,"href":"https:\/\/c.watch\/fr\/wp-json\/wp\/v2\/pages\/517\/revisions"}],"wp:attachment":[{"href":"https:\/\/c.watch\/fr\/wp-json\/wp\/v2\/media?parent=517"}],"curies":[{"name":"wp","href":"https:\/\/api.w.org\/{rel}","templated":true}]}}