{"id":523,"date":"2024-11-01T16:21:32","date_gmt":"2024-11-01T15:21:32","guid":{"rendered":"https:\/\/c.watch\/decouvrez-cwatch\/"},"modified":"2025-05-22T00:22:06","modified_gmt":"2025-05-21T23:22:06","slug":"decouvrez-cwatch","status":"publish","type":"page","link":"https:\/\/c.watch\/fr\/decouvrez-cwatch\/","title":{"rendered":"D\u00e9couvrez cWatch"},"content":{"rendered":"<h1>D\u00e9couvrez cWatch<\/h1>\n<p>cWatch est un appareil qui permet \u00e0 votre personnel de communiquer et de collaborer efficacement. Associ\u00e9 \u00e0 cPanel, aux chargeurs et au tableau de bord, il a le pouvoir d&rsquo;am\u00e9liorer vos op\u00e9rations en magasin dans diff\u00e9rents domaines, tels que le service client ou la s\u00e9curit\u00e9 des employ\u00e9s.<\/p>\n","protected":false},"excerpt":{"rendered":"<p>D\u00e9couvrez cWatch cWatch est un appareil qui permet \u00e0 votre personnel de communiquer et de collaborer efficacement. Associ\u00e9 \u00e0 cPanel, aux chargeurs et au tableau de bord, il a le pouvoir d&rsquo;am\u00e9liorer vos op\u00e9rations en magasin dans diff\u00e9rents domaines, tels que le service client ou la s\u00e9curit\u00e9 des employ\u00e9s.<\/p>\n","protected":false},"author":1,"featured_media":0,"parent":0,"menu_order":0,"comment_status":"closed","ping_status":"closed","template":"tpl-about.php","meta":{"_acf_changed":false,"footnotes":""},"class_list":["post-523","page","type-page","status-publish","hentry"],"acf":[],"yoast_head":"<!-- This site is optimized with the Yoast SEO plugin v26.9 - https:\/\/yoast.com\/product\/yoast-seo-wordpress\/ -->\n<title>D\u00e9couvrez cWatch - cWatch<\/title>\n<meta name=\"robots\" content=\"index, follow, max-snippet:-1, max-image-preview:large, max-video-preview:-1\" \/>\n<link rel=\"canonical\" href=\"https:\/\/c.watch\/fr\/decouvrez-cwatch\/\" \/>\n<meta property=\"og:locale\" content=\"fr_FR\" \/>\n<meta property=\"og:type\" content=\"article\" \/>\n<meta property=\"og:title\" content=\"D\u00e9couvrez cWatch - cWatch\" \/>\n<meta property=\"og:description\" content=\"D\u00e9couvrez cWatch cWatch est un appareil qui permet \u00e0 votre personnel de communiquer et de collaborer efficacement. Associ\u00e9 \u00e0 cPanel, aux chargeurs et au tableau de bord, il a le pouvoir d&rsquo;am\u00e9liorer vos op\u00e9rations en magasin dans diff\u00e9rents domaines, tels que le service client ou la s\u00e9curit\u00e9 des employ\u00e9s.\" \/>\n<meta property=\"og:url\" content=\"https:\/\/c.watch\/fr\/decouvrez-cwatch\/\" \/>\n<meta property=\"og:site_name\" content=\"cWatch\" \/>\n<meta property=\"article:modified_time\" content=\"2025-05-21T23:22:06+00:00\" \/>\n<meta name=\"twitter:card\" content=\"summary_large_image\" \/>\n<meta name=\"twitter:label1\" content=\"Dur\u00e9e de lecture estim\u00e9e\" \/>\n\t<meta name=\"twitter:data1\" content=\"1 minute\" \/>\n<script type=\"application\/ld+json\" class=\"yoast-schema-graph\">{\"@context\":\"https:\/\/schema.org\",\"@graph\":[{\"@type\":\"WebPage\",\"@id\":\"https:\/\/c.watch\/fr\/decouvrez-cwatch\/\",\"url\":\"https:\/\/c.watch\/fr\/decouvrez-cwatch\/\",\"name\":\"D\u00e9couvrez cWatch - cWatch\",\"isPartOf\":{\"@id\":\"https:\/\/c.watch\/fr\/#website\"},\"datePublished\":\"2024-11-01T15:21:32+00:00\",\"dateModified\":\"2025-05-21T23:22:06+00:00\",\"breadcrumb\":{\"@id\":\"https:\/\/c.watch\/fr\/decouvrez-cwatch\/#breadcrumb\"},\"inLanguage\":\"fr-FR\",\"potentialAction\":[{\"@type\":\"ReadAction\",\"target\":[\"https:\/\/c.watch\/fr\/decouvrez-cwatch\/\"]}]},{\"@type\":\"BreadcrumbList\",\"@id\":\"https:\/\/c.watch\/fr\/decouvrez-cwatch\/#breadcrumb\",\"itemListElement\":[{\"@type\":\"ListItem\",\"position\":1,\"name\":\"Home\",\"item\":\"https:\/\/c.watch\/fr\/\"},{\"@type\":\"ListItem\",\"position\":2,\"name\":\"D\u00e9couvrez cWatch\"}]},{\"@type\":\"WebSite\",\"@id\":\"https:\/\/c.watch\/fr\/#website\",\"url\":\"https:\/\/c.watch\/fr\/\",\"name\":\"cWatch\",\"description\":\"\",\"potentialAction\":[{\"@type\":\"SearchAction\",\"target\":{\"@type\":\"EntryPoint\",\"urlTemplate\":\"https:\/\/c.watch\/fr\/?s={search_term_string}\"},\"query-input\":{\"@type\":\"PropertyValueSpecification\",\"valueRequired\":true,\"valueName\":\"search_term_string\"}}],\"inLanguage\":\"fr-FR\"}]}<\/script>\n<!-- \/ Yoast SEO plugin. -->","yoast_head_json":{"title":"D\u00e9couvrez cWatch - cWatch","robots":{"index":"index","follow":"follow","max-snippet":"max-snippet:-1","max-image-preview":"max-image-preview:large","max-video-preview":"max-video-preview:-1"},"canonical":"https:\/\/c.watch\/fr\/decouvrez-cwatch\/","og_locale":"fr_FR","og_type":"article","og_title":"D\u00e9couvrez cWatch - cWatch","og_description":"D\u00e9couvrez cWatch cWatch est un appareil qui permet \u00e0 votre personnel de communiquer et de collaborer efficacement. Associ\u00e9 \u00e0 cPanel, aux chargeurs et au tableau de bord, il a le pouvoir d&rsquo;am\u00e9liorer vos op\u00e9rations en magasin dans diff\u00e9rents domaines, tels que le service client ou la s\u00e9curit\u00e9 des employ\u00e9s.","og_url":"https:\/\/c.watch\/fr\/decouvrez-cwatch\/","og_site_name":"cWatch","article_modified_time":"2025-05-21T23:22:06+00:00","twitter_card":"summary_large_image","twitter_misc":{"Dur\u00e9e de lecture estim\u00e9e":"1 minute"},"schema":{"@context":"https:\/\/schema.org","@graph":[{"@type":"WebPage","@id":"https:\/\/c.watch\/fr\/decouvrez-cwatch\/","url":"https:\/\/c.watch\/fr\/decouvrez-cwatch\/","name":"D\u00e9couvrez cWatch - cWatch","isPartOf":{"@id":"https:\/\/c.watch\/fr\/#website"},"datePublished":"2024-11-01T15:21:32+00:00","dateModified":"2025-05-21T23:22:06+00:00","breadcrumb":{"@id":"https:\/\/c.watch\/fr\/decouvrez-cwatch\/#breadcrumb"},"inLanguage":"fr-FR","potentialAction":[{"@type":"ReadAction","target":["https:\/\/c.watch\/fr\/decouvrez-cwatch\/"]}]},{"@type":"BreadcrumbList","@id":"https:\/\/c.watch\/fr\/decouvrez-cwatch\/#breadcrumb","itemListElement":[{"@type":"ListItem","position":1,"name":"Home","item":"https:\/\/c.watch\/fr\/"},{"@type":"ListItem","position":2,"name":"D\u00e9couvrez cWatch"}]},{"@type":"WebSite","@id":"https:\/\/c.watch\/fr\/#website","url":"https:\/\/c.watch\/fr\/","name":"cWatch","description":"","potentialAction":[{"@type":"SearchAction","target":{"@type":"EntryPoint","urlTemplate":"https:\/\/c.watch\/fr\/?s={search_term_string}"},"query-input":{"@type":"PropertyValueSpecification","valueRequired":true,"valueName":"search_term_string"}}],"inLanguage":"fr-FR"}]}},"_links":{"self":[{"href":"https:\/\/c.watch\/fr\/wp-json\/wp\/v2\/pages\/523","targetHints":{"allow":["GET"]}}],"collection":[{"href":"https:\/\/c.watch\/fr\/wp-json\/wp\/v2\/pages"}],"about":[{"href":"https:\/\/c.watch\/fr\/wp-json\/wp\/v2\/types\/page"}],"author":[{"embeddable":true,"href":"https:\/\/c.watch\/fr\/wp-json\/wp\/v2\/users\/1"}],"replies":[{"embeddable":true,"href":"https:\/\/c.watch\/fr\/wp-json\/wp\/v2\/comments?post=523"}],"version-history":[{"count":0,"href":"https:\/\/c.watch\/fr\/wp-json\/wp\/v2\/pages\/523\/revisions"}],"wp:attachment":[{"href":"https:\/\/c.watch\/fr\/wp-json\/wp\/v2\/media?parent=523"}],"curies":[{"name":"wp","href":"https:\/\/api.w.org\/{rel}","templated":true}]}}