{"id":804,"date":"2024-12-05T23:37:57","date_gmt":"2024-12-05T22:37:57","guid":{"rendered":"https:\/\/c.watch\/legal-notice\/"},"modified":"2024-12-05T23:41:20","modified_gmt":"2024-12-05T22:41:20","slug":"mentions-legales","status":"publish","type":"page","link":"https:\/\/c.watch\/fr\/mentions-legales\/","title":{"rendered":"Mentions L\u00e9gales"},"content":{"rendered":"<p>Vous \u00eates actuellement connect\u00e9s au site c.Watch qui est \u00e9dit\u00e9 par la soci\u00e9t\u00e9 WEARTECH.<\/p>\n<p>D\u00e9nomination Sociale<br \/>\nWEARTECH<br \/>\nForme juridique : SAS<br \/>\nCapital social : 10000 euros<br \/>\nSi\u00e8ge social : 36 rue Scheffer 75016 Paris<br \/>\nEtablissement principal : 36 rue Scheffer 75016 Paris<\/p>\n<p>Num\u00e9ro de RCS : 932 755 325 R.C.S. Paris<br \/>\nNum\u00e9ro de TVA intracommunautaire : FR93932755325<br \/>\nNum\u00e9ro de t\u00e9l\u00e9phone : 01.45.53.24.88<br \/>\nCourriel : info@c.watch<br \/>\nL&rsquo;\u00e9diteur s&rsquo;engage \u00e0 respecter l&rsquo;ensemble des lois concernant la mise en place et l&rsquo;activit\u00e9 d&rsquo;un site Internet<\/p>\n<p>Directeur de la publication : WEARTECH<\/p>\n<p>H\u00e9bergement : Amazon Web Services<br \/>\nSi\u00e8ge social h\u00e9bergeur : 38 Avenue John F. Kennedy Luxembourg L-1855<\/p>\n<p><strong>Liens Hypertextes<\/strong><\/p>\n<p>La cr\u00e9ation de liens hypertextes vers le site c.Watch est soumise \u00e0 l&rsquo;accord pr\u00e9alable du Directeur de la publication. Les liens hypertextes \u00e9tablis en direction d&rsquo;autres sites \u00e0 partir du site c.Watch ne sauraient, en aucun cas, engager la responsabilit\u00e9 de WEARTECH.<\/p>\n<p><strong>Droits d&rsquo;auteur<\/strong><\/p>\n<p>La reproduction ou repr\u00e9sentation, int\u00e9grale ou partielle, des pages, des donn\u00e9es et de tout autre \u00e9l\u00e9ment constitutif au site c.Watch, par quelque proc\u00e9d\u00e9 ou support que ce soit, est interdite et constitue, sans autorisation de l&rsquo;\u00e9diteur, une contrefa\u00e7on.<\/p>\n","protected":false},"excerpt":{"rendered":"<p>Vous \u00eates actuellement connect\u00e9s au site c.Watch qui est \u00e9dit\u00e9 par la soci\u00e9t\u00e9 WEARTECH. D\u00e9nomination Sociale WEARTECH Forme juridique : SAS Capital social : 10000 euros Si\u00e8ge social : 36 rue Scheffer 75016 Paris Etablissement principal : 36 rue Scheffer 75016 Paris Num\u00e9ro de RCS : 932 755 325 R.C.S. Paris Num\u00e9ro de TVA intracommunautaire&#8230;<\/p>\n","protected":false},"author":1,"featured_media":0,"parent":0,"menu_order":0,"comment_status":"closed","ping_status":"closed","template":"","meta":{"_acf_changed":false,"footnotes":""},"class_list":["post-804","page","type-page","status-publish","hentry"],"acf":[],"yoast_head":"<!-- This site is optimized with the Yoast SEO plugin v26.9 - https:\/\/yoast.com\/product\/yoast-seo-wordpress\/ -->\n<title>Mentions L\u00e9gales - cWatch<\/title>\n<meta name=\"robots\" content=\"index, follow, max-snippet:-1, max-image-preview:large, max-video-preview:-1\" \/>\n<link rel=\"canonical\" href=\"https:\/\/c.watch\/fr\/mentions-legales\/\" \/>\n<meta property=\"og:locale\" content=\"fr_FR\" \/>\n<meta property=\"og:type\" content=\"article\" \/>\n<meta property=\"og:title\" content=\"Mentions L\u00e9gales - cWatch\" \/>\n<meta property=\"og:description\" content=\"Vous \u00eates actuellement connect\u00e9s au site c.Watch qui est \u00e9dit\u00e9 par la soci\u00e9t\u00e9 WEARTECH. D\u00e9nomination Sociale WEARTECH Forme juridique : SAS Capital social : 10000 euros Si\u00e8ge social : 36 rue Scheffer 75016 Paris Etablissement principal : 36 rue Scheffer 75016 Paris Num\u00e9ro de RCS : 932 755 325 R.C.S. Paris Num\u00e9ro de TVA intracommunautaire...\" \/>\n<meta property=\"og:url\" content=\"https:\/\/c.watch\/fr\/mentions-legales\/\" \/>\n<meta property=\"og:site_name\" content=\"cWatch\" \/>\n<meta property=\"article:modified_time\" content=\"2024-12-05T22:41:20+00:00\" \/>\n<meta name=\"twitter:card\" content=\"summary_large_image\" \/>\n<meta name=\"twitter:label1\" content=\"Dur\u00e9e de lecture estim\u00e9e\" \/>\n\t<meta name=\"twitter:data1\" content=\"1 minute\" \/>\n<script type=\"application\/ld+json\" class=\"yoast-schema-graph\">{\"@context\":\"https:\/\/schema.org\",\"@graph\":[{\"@type\":\"WebPage\",\"@id\":\"https:\/\/c.watch\/fr\/mentions-legales\/\",\"url\":\"https:\/\/c.watch\/fr\/mentions-legales\/\",\"name\":\"Mentions L\u00e9gales - cWatch\",\"isPartOf\":{\"@id\":\"https:\/\/c.watch\/fr\/#website\"},\"datePublished\":\"2024-12-05T22:37:57+00:00\",\"dateModified\":\"2024-12-05T22:41:20+00:00\",\"breadcrumb\":{\"@id\":\"https:\/\/c.watch\/fr\/mentions-legales\/#breadcrumb\"},\"inLanguage\":\"fr-FR\",\"potentialAction\":[{\"@type\":\"ReadAction\",\"target\":[\"https:\/\/c.watch\/fr\/mentions-legales\/\"]}]},{\"@type\":\"BreadcrumbList\",\"@id\":\"https:\/\/c.watch\/fr\/mentions-legales\/#breadcrumb\",\"itemListElement\":[{\"@type\":\"ListItem\",\"position\":1,\"name\":\"Home\",\"item\":\"https:\/\/c.watch\/fr\/\"},{\"@type\":\"ListItem\",\"position\":2,\"name\":\"Mentions L\u00e9gales\"}]},{\"@type\":\"WebSite\",\"@id\":\"https:\/\/c.watch\/fr\/#website\",\"url\":\"https:\/\/c.watch\/fr\/\",\"name\":\"cWatch\",\"description\":\"\",\"potentialAction\":[{\"@type\":\"SearchAction\",\"target\":{\"@type\":\"EntryPoint\",\"urlTemplate\":\"https:\/\/c.watch\/fr\/?s={search_term_string}\"},\"query-input\":{\"@type\":\"PropertyValueSpecification\",\"valueRequired\":true,\"valueName\":\"search_term_string\"}}],\"inLanguage\":\"fr-FR\"}]}<\/script>\n<!-- \/ Yoast SEO plugin. -->","yoast_head_json":{"title":"Mentions L\u00e9gales - cWatch","robots":{"index":"index","follow":"follow","max-snippet":"max-snippet:-1","max-image-preview":"max-image-preview:large","max-video-preview":"max-video-preview:-1"},"canonical":"https:\/\/c.watch\/fr\/mentions-legales\/","og_locale":"fr_FR","og_type":"article","og_title":"Mentions L\u00e9gales - cWatch","og_description":"Vous \u00eates actuellement connect\u00e9s au site c.Watch qui est \u00e9dit\u00e9 par la soci\u00e9t\u00e9 WEARTECH. D\u00e9nomination Sociale WEARTECH Forme juridique : SAS Capital social : 10000 euros Si\u00e8ge social : 36 rue Scheffer 75016 Paris Etablissement principal : 36 rue Scheffer 75016 Paris Num\u00e9ro de RCS : 932 755 325 R.C.S. Paris Num\u00e9ro de TVA intracommunautaire...","og_url":"https:\/\/c.watch\/fr\/mentions-legales\/","og_site_name":"cWatch","article_modified_time":"2024-12-05T22:41:20+00:00","twitter_card":"summary_large_image","twitter_misc":{"Dur\u00e9e de lecture estim\u00e9e":"1 minute"},"schema":{"@context":"https:\/\/schema.org","@graph":[{"@type":"WebPage","@id":"https:\/\/c.watch\/fr\/mentions-legales\/","url":"https:\/\/c.watch\/fr\/mentions-legales\/","name":"Mentions L\u00e9gales - cWatch","isPartOf":{"@id":"https:\/\/c.watch\/fr\/#website"},"datePublished":"2024-12-05T22:37:57+00:00","dateModified":"2024-12-05T22:41:20+00:00","breadcrumb":{"@id":"https:\/\/c.watch\/fr\/mentions-legales\/#breadcrumb"},"inLanguage":"fr-FR","potentialAction":[{"@type":"ReadAction","target":["https:\/\/c.watch\/fr\/mentions-legales\/"]}]},{"@type":"BreadcrumbList","@id":"https:\/\/c.watch\/fr\/mentions-legales\/#breadcrumb","itemListElement":[{"@type":"ListItem","position":1,"name":"Home","item":"https:\/\/c.watch\/fr\/"},{"@type":"ListItem","position":2,"name":"Mentions L\u00e9gales"}]},{"@type":"WebSite","@id":"https:\/\/c.watch\/fr\/#website","url":"https:\/\/c.watch\/fr\/","name":"cWatch","description":"","potentialAction":[{"@type":"SearchAction","target":{"@type":"EntryPoint","urlTemplate":"https:\/\/c.watch\/fr\/?s={search_term_string}"},"query-input":{"@type":"PropertyValueSpecification","valueRequired":true,"valueName":"search_term_string"}}],"inLanguage":"fr-FR"}]}},"_links":{"self":[{"href":"https:\/\/c.watch\/fr\/wp-json\/wp\/v2\/pages\/804","targetHints":{"allow":["GET"]}}],"collection":[{"href":"https:\/\/c.watch\/fr\/wp-json\/wp\/v2\/pages"}],"about":[{"href":"https:\/\/c.watch\/fr\/wp-json\/wp\/v2\/types\/page"}],"author":[{"embeddable":true,"href":"https:\/\/c.watch\/fr\/wp-json\/wp\/v2\/users\/1"}],"replies":[{"embeddable":true,"href":"https:\/\/c.watch\/fr\/wp-json\/wp\/v2\/comments?post=804"}],"version-history":[{"count":0,"href":"https:\/\/c.watch\/fr\/wp-json\/wp\/v2\/pages\/804\/revisions"}],"wp:attachment":[{"href":"https:\/\/c.watch\/fr\/wp-json\/wp\/v2\/media?parent=804"}],"curies":[{"name":"wp","href":"https:\/\/api.w.org\/{rel}","templated":true}]}}